{"id":1276,"date":"2020-01-28T07:47:37","date_gmt":"2020-01-28T06:47:37","guid":{"rendered":"https:\/\/www.mediatirol.at\/rochelt\/datenschutz\/"},"modified":"2021-09-30T09:28:19","modified_gmt":"2021-09-30T07:28:19","slug":"protection-des-donnees","status":"publish","type":"page","link":"https:\/\/www.rochelt.com\/fr\/protection-des-donnees\/","title":{"rendered":"Protection des donn\u00e9es"},"content":{"rendered":"<div id=\"modal-ready\">\n<p>En tant qu\u2019utilisateur de notre site web, vous trouverez dans cette d\u00e9claration de protection des donn\u00e9es toutes les informations n\u00e9cessaires sur la mani\u00e8re, dans quelle mesure ainsi que dans quel but nous ou des fournisseurs tiers recueillons\/recueillent des donn\u00e9es vous concernant et les utilisons\/utilisent. La collecte et l\u2019utilisation de vos donn\u00e9es s\u2019effectuent strictement conformes aux dispositions de la loi sur la protection des donn\u00e9es (Datenschutzgesetz, DSG) et de la loi sur les t\u00e9l\u00e9communications (Telekommunikationsgesetz, TKG). Nous nous engageons particuli\u00e8rement \u00e0 garder la confidentialit\u00e9 de vos donn\u00e9es personnelles et, ainsi, nous travaillons strictement dans les limites fix\u00e9es par les dispositions l\u00e9gales. La collecte de ces donn\u00e9es personnelles est faite sur une base volontaire, si cela est possible pour nous. De plus, nous ne transmettons ces donn\u00e9es \u00e0 des tiers qu\u2019avec votre consentement expr\u00e8s. Dans le cas de donn\u00e9es particuli\u00e8rement confidentielles, telles les transactions de paiement ou en rapport \u00e0 vos demandes \u00e0 notre \u00e9gard, nous assurons une haute s\u00e9curit\u00e9 par l\u2019utilisation du cryptage SSL. Cependant, nous tenons ici \u00e0 attirer votre attention sur les dangers g\u00e9n\u00e9raux de l\u2019utilisation de l\u2019Internet sur lesquels nous n&rsquo;avons aucune influence. En particulier dans les \u00e9changes de courriers \u00e9lectroniques, vos donn\u00e9es ne sont pas s\u00fbres sans prendre d\u2019autres pr\u00e9cautions et peuvent \u00eatre \u00e9ventuellement recueillies par des tiers.<\/p>\n\n\n\n<div class=\"wp-block-group alignfull\"><div class=\"wp-block-group__inner-container is-layout-flow wp-block-group-is-layout-flow\">\n<h3 class=\"wp-block-heading\">RENSEIGNEMENT, SUPPRESSION, VERROUILLAGE<\/h3>\n\n\n\n<p>Vous pouvez \u00e0 tout moment et \u00e0 titre gratuit obtenir des renseignements sur les donn\u00e9es personnelles stock\u00e9es par nous sur votre personne ainsi que sur l&rsquo;origine, le destinataire et le but de la collecte des donn\u00e9es ainsi que du traitement des donn\u00e9es. De plus, vous avez le droit de demander que vos donn\u00e9es soient rectifi\u00e9es, verrouill\u00e9es ou supprim\u00e9es. Ceci ne s\u2019applique pas aux donn\u00e9es qui sont d\u00e9tenues en raison de dispositions l\u00e9gales ou qui sont n\u00e9cessaires pour l\u2019ex\u00e9cution correcte des affaires. Afin de pouvoir verrouiller les donn\u00e9es \u00e0 tout moment, les donn\u00e9es sont conserv\u00e9es dans un fichier de verrouillage \u00e0 des fins de contr\u00f4le. Si les donn\u00e9es ne sont pas couvertes par une obligation l\u00e9gale d\u2019archivage, nous supprimons vos donn\u00e9es \u00e0 votre demande. Si l\u2019obligation d\u2019archivage s\u2019applique, nous verrouillerons vos donn\u00e9es. Pour toute question ou pr\u00e9occupation concernant la rectification, le verrouillage ou la suppression de vos donn\u00e9es personnelles, veuillez contacter notre responsable de protection des donn\u00e9es sous les donn\u00e9es de contact dans cette d\u00e9claration de protection des donn\u00e9es ou veuillez contacter l\u2019adresse indiqu\u00e9e dans les mentions l\u00e9gales.<br><\/p>\n\n\n\n<h3 class=\"wp-block-heading\">FOURNITURE DE SERVICES PAYANTS<\/h3>\n\n\n\n<p>Si vous souhaitez utiliser les services et prestations payants offerts sur notre site web, il est possible que nous devions recueillir d\u2019autres donn\u00e9es de vous \u00e0 des fins de facturation et de s\u00e9curit\u00e9. En g\u00e9n\u00e9ral, cela concernera votre nom, une adresse e-mail valide et, si n\u00e9cessaire, votre adresse et votre num\u00e9ro de t\u00e9l\u00e9phone ainsi que des informations compl\u00e9mentaires selon le cas individuel. Il peut \u00e9galement s\u2019agir de contenus qui nous permettent de v\u00e9rifier les donn\u00e9es fournies telles votre propri\u00e9t\u00e9 de l\u2019adresse e-mail fournie. Pour des raisons juridiques, nous devons assurer que vous souhaitez vraiment recevoir les services offerts et que nous pouvons vous facturer les services. Nous utilisons la norme de cryptage SSL dans les transactions de paiement pour s\u00e9curiser vos donn\u00e9es, reconnaissable par la ligne de navigateur \u00ab&nbsp;https:\/\/&nbsp;\u00bb.<br><\/p>\n\n\n\n<h3 class=\"wp-block-heading\">CONTENUS ET SERVICES DE FOURNISSEURS TIERS<\/h3>\n\n\n\n<p>Il est possible que la gamme de services sur notre site web contienne aussi des contenus, prestations et services offerts par d\u2019autres fournisseurs qui compl\u00e8tent notre gamme. Des exemples de telles offres sont des cartes de Google Maps, des vid\u00e9os YouTube ou des repr\u00e9sentations graphiques de tiers. L\u2019appel de ces services \u00e0 des tiers requiert la transmission r\u00e9guli\u00e8re de votre adresse IP. En cons\u00e9quence, il est possible pour ces fournisseurs de reconna\u00eetre votre adresse IP et aussi de la stocker. Nous veillons \u00e0 seulement inclure des fournisseurs tiers qui n\u2019utilisent les adresses IP que pour fournir les contenus. Cependant, nous ne pouvons pas contr\u00f4ler quel fournisseur tiers stocke \u00e9ventuellement votre adresse IP. Ce stockage peut servir \u00e0 des fins statistiques, par exemple. Si nous prenons connaissance d\u2019op\u00e9rations de stockage par des fournisseurs tiers, nous en informerons imm\u00e9diatement nos utilisateurs. Dans ce contexte, veuillez, s\u2019il vous pla\u00eet, aussi noter les d\u00e9clarations de protection des donn\u00e9es sp\u00e9ciales au regard de fournisseurs tiers et de prestataires de service individuels dont nous utilisons les services sur notre site web. Vous les trouverez aussi dans cette d\u00e9claration de protection des donn\u00e9es.<br><\/p>\n\n\n\n<h3 class=\"wp-block-heading\">DONN\u00c9ES PERSONNELLES<\/h3>\n\n\n\n<p>Nous recueillons les donn\u00e9es personnelles dans le cadre de l\u2019\u00e9vitement de donn\u00e9es et de la minimisation de donn\u00e9es seulement dans la mesure et pour le temps n\u00e9cessaires \u00e0 l\u2019utilisation de notre site web ou requis par le l\u00e9gislateur. Nous prenons au s\u00e9rieux la protection de vos donn\u00e9es personnelles et nous respectons strictement les dispositions l\u00e9gales respectives et cette d\u00e9claration de protection des donn\u00e9es lors de la collecte et du traitement des donn\u00e9es personnelles. Si le but de la collecte des donn\u00e9es personnelles cesse de s\u2019appliquer ou si la fin du d\u00e9lai de conservation l\u00e9gal est atteinte, les donn\u00e9es collect\u00e9es seront verrouill\u00e9es ou supprim\u00e9es. Notre site web peut \u00eatre utilis\u00e9 r\u00e9guli\u00e8rement sans transf\u00e9rer des donn\u00e9es personnelles. Si nous collectons des donn\u00e9es personnelles \u2013 telles votre nom, votre adresse ou votre adresse e-mail \u2013 cette collecte de donn\u00e9es est effectu\u00e9e sur une base volontaire. Ces donn\u00e9es ne seront pas port\u00e9es \u00e0 la connaissance de tiers sans votre consentement expr\u00e8s. Veuillez noter, s\u2019il vous pla\u00eet que les donn\u00e9es sur Internet en g\u00e9n\u00e9ral ne sont pas toujours transmises de mani\u00e8re s\u00e9curis\u00e9e. En particulier dans les \u00e9changes de courriers \u00e9lectroniques, la protection pendant l\u2019\u00e9change de donn\u00e9es ne peut pas \u00eatre garantie.<\/p>\n\n\n\n<h3 class=\"wp-block-heading\">FICHIERS JOURNAUX DU SERVEUR<\/h3>\n\n\n\n<p>Les fichiers journaux du serveur sont des donn\u00e9es anonymis\u00e9es qui sont collect\u00e9es quand vous acc\u00e9dez \u00e0 notre site web. Ces informations ne permettent pas de tirer des conclusions sur votre personne, cependant, pour des raisons techniques, elles sont indispensables pour fournir et pr\u00e9senter nos contenus. De plus, elles servent&nbsp;\u00e0 nos statistiques et \u00e0 l\u2019optimisation permanente de nos contenus. Des fichiers journaux typiques sont la date et l\u2019heure de l&rsquo;acc\u00e8s, la quantit\u00e9 de donn\u00e9es, le navigateur utilis\u00e9 pour l\u2019acc\u00e8s et la version de celui-ci, le syst\u00e8me d\u2019exploitation utilis\u00e9e, le nom de domaine du fournisseur charg\u00e9 par vous, le site \u00e0 partir duquel vous \u00eates arriv\u00e9 \u00e0 notre gamme (referrer URL) et votre adresse IP. Les fichiers journaux permettent en plus une v\u00e9rification en d\u00e9tail au cas o\u00f9 l\u2019utilisation illicite de notre site web est soup\u00e7onn\u00e9e.<br><\/p>\n\n\n\n<p>Cette d\u00e9claration de donn\u00e9es a \u00e9t\u00e9 cr\u00e9\u00e9e par&nbsp;<a rel=\"noreferrer noopener\" href=\"http:\/\/www.datenschutzexperte.de\/\" target=\"_blank\">www.datenschutzexperte.de<\/a><br><\/p>\n\n\n\n<p> Nos Conditions G\u00e9n\u00e9rales de Vente s\u2019appliquent:<br> <a href=\"https:\/\/www.rochelt.com\/wp-content\/uploads\/2020\/04\/Rochelt_AGBs_FR.pdf\" target=\"_blank\" rel=\"noreferrer noopener\" aria-label=\"AGB (PDF) (\u00f6ffnet in neuem Tab)\">AGB (PDF)<\/a><\/p>\n<\/div><\/div>\n<\/div>","protected":false},"excerpt":{"rendered":"<p>En tant qu\u2019utilisateur de notre site web, vous trouverez dans cette d\u00e9claration de protection des donn\u00e9es toutes les informations n\u00e9cessaires sur la mani\u00e8re, dans quelle mesure ainsi que dans quel but nous ou des fournisseurs tiers recueillons\/recueillent des donn\u00e9es vous concernant et les utilisons\/utilisent. La collecte et l\u2019utilisation de vos donn\u00e9es s\u2019effectuent strictement conformes aux &hellip;<\/p>\n","protected":false},"author":2,"featured_media":0,"parent":0,"menu_order":0,"comment_status":"closed","ping_status":"open","template":"","meta":{"_acf_changed":false,"footnotes":""},"class_list":["post-1276","page","type-page","status-publish","hentry"],"acf":[],"yoast_head":"<!-- This site is optimized with the Yoast SEO plugin v26.5 - https:\/\/yoast.com\/wordpress\/plugins\/seo\/ -->\n<title>Protection des donn\u00e9es - Rochelt<\/title>\n<meta name=\"robots\" content=\"index, follow, max-snippet:-1, max-image-preview:large, max-video-preview:-1\" \/>\n<link rel=\"canonical\" href=\"https:\/\/www.rochelt.com\/fr\/protection-des-donnees\/\" \/>\n<meta property=\"og:locale\" content=\"fr_FR\" \/>\n<meta property=\"og:type\" content=\"article\" \/>\n<meta property=\"og:title\" content=\"Protection des donn\u00e9es - Rochelt\" \/>\n<meta property=\"og:description\" content=\"En tant qu\u2019utilisateur de notre site web, vous trouverez dans cette d\u00e9claration de protection des donn\u00e9es toutes les informations n\u00e9cessaires sur la mani\u00e8re, dans quelle mesure ainsi que dans quel but nous ou des fournisseurs tiers recueillons\/recueillent des donn\u00e9es vous concernant et les utilisons\/utilisent. La collecte et l\u2019utilisation de vos donn\u00e9es s\u2019effectuent strictement conformes aux &hellip;\" \/>\n<meta property=\"og:url\" content=\"https:\/\/www.rochelt.com\/fr\/protection-des-donnees\/\" \/>\n<meta property=\"og:site_name\" content=\"Rochelt\" \/>\n<meta property=\"article:modified_time\" content=\"2021-09-30T07:28:19+00:00\" \/>\n<meta name=\"twitter:card\" content=\"summary_large_image\" \/>\n<meta name=\"twitter:label1\" content=\"Dur\u00e9e de lecture estim\u00e9e\" \/>\n\t<meta name=\"twitter:data1\" content=\"6 minutes\" \/>\n<script type=\"application\/ld+json\" class=\"yoast-schema-graph\">{\"@context\":\"https:\/\/schema.org\",\"@graph\":[{\"@type\":\"WebPage\",\"@id\":\"https:\/\/www.rochelt.com\/fr\/protection-des-donnees\/\",\"url\":\"https:\/\/www.rochelt.com\/fr\/protection-des-donnees\/\",\"name\":\"Protection des donn\u00e9es - Rochelt\",\"isPartOf\":{\"@id\":\"https:\/\/www.rochelt.com\/#website\"},\"datePublished\":\"2020-01-28T06:47:37+00:00\",\"dateModified\":\"2021-09-30T07:28:19+00:00\",\"breadcrumb\":{\"@id\":\"https:\/\/www.rochelt.com\/fr\/protection-des-donnees\/#breadcrumb\"},\"inLanguage\":\"fr-FR\",\"potentialAction\":[{\"@type\":\"ReadAction\",\"target\":[\"https:\/\/www.rochelt.com\/fr\/protection-des-donnees\/\"]}]},{\"@type\":\"BreadcrumbList\",\"@id\":\"https:\/\/www.rochelt.com\/fr\/protection-des-donnees\/#breadcrumb\",\"itemListElement\":[{\"@type\":\"ListItem\",\"position\":1,\"name\":\"Startseite\",\"item\":\"https:\/\/www.rochelt.com\/fr\/\"},{\"@type\":\"ListItem\",\"position\":2,\"name\":\"Protection des donn\u00e9es\"}]},{\"@type\":\"WebSite\",\"@id\":\"https:\/\/www.rochelt.com\/#website\",\"url\":\"https:\/\/www.rochelt.com\/\",\"name\":\"Rochelt\",\"description\":\"Tiroler Schnapsbrennerei\",\"publisher\":{\"@id\":\"https:\/\/www.rochelt.com\/#organization\"},\"potentialAction\":[{\"@type\":\"SearchAction\",\"target\":{\"@type\":\"EntryPoint\",\"urlTemplate\":\"https:\/\/www.rochelt.com\/?s={search_term_string}\"},\"query-input\":{\"@type\":\"PropertyValueSpecification\",\"valueRequired\":true,\"valueName\":\"search_term_string\"}}],\"inLanguage\":\"fr-FR\"},{\"@type\":\"Organization\",\"@id\":\"https:\/\/www.rochelt.com\/#organization\",\"name\":\"Rochelt\",\"url\":\"https:\/\/www.rochelt.com\/\",\"logo\":{\"@type\":\"ImageObject\",\"inLanguage\":\"fr-FR\",\"@id\":\"https:\/\/www.rochelt.com\/#\/schema\/logo\/image\/\",\"url\":\"https:\/\/www.rochelt.com\/wp-content\/uploads\/2020\/01\/rochelt-logo-schriftzug-weiss.png\",\"contentUrl\":\"https:\/\/www.rochelt.com\/wp-content\/uploads\/2020\/01\/rochelt-logo-schriftzug-weiss.png\",\"width\":830,\"height\":133,\"caption\":\"Rochelt\"},\"image\":{\"@id\":\"https:\/\/www.rochelt.com\/#\/schema\/logo\/image\/\"}}]}<\/script>\n<!-- \/ Yoast SEO plugin. -->","yoast_head_json":{"title":"Protection des donn\u00e9es - Rochelt","robots":{"index":"index","follow":"follow","max-snippet":"max-snippet:-1","max-image-preview":"max-image-preview:large","max-video-preview":"max-video-preview:-1"},"canonical":"https:\/\/www.rochelt.com\/fr\/protection-des-donnees\/","og_locale":"fr_FR","og_type":"article","og_title":"Protection des donn\u00e9es - Rochelt","og_description":"En tant qu\u2019utilisateur de notre site web, vous trouverez dans cette d\u00e9claration de protection des donn\u00e9es toutes les informations n\u00e9cessaires sur la mani\u00e8re, dans quelle mesure ainsi que dans quel but nous ou des fournisseurs tiers recueillons\/recueillent des donn\u00e9es vous concernant et les utilisons\/utilisent. La collecte et l\u2019utilisation de vos donn\u00e9es s\u2019effectuent strictement conformes aux &hellip;","og_url":"https:\/\/www.rochelt.com\/fr\/protection-des-donnees\/","og_site_name":"Rochelt","article_modified_time":"2021-09-30T07:28:19+00:00","twitter_card":"summary_large_image","twitter_misc":{"Dur\u00e9e de lecture estim\u00e9e":"6 minutes"},"schema":{"@context":"https:\/\/schema.org","@graph":[{"@type":"WebPage","@id":"https:\/\/www.rochelt.com\/fr\/protection-des-donnees\/","url":"https:\/\/www.rochelt.com\/fr\/protection-des-donnees\/","name":"Protection des donn\u00e9es - Rochelt","isPartOf":{"@id":"https:\/\/www.rochelt.com\/#website"},"datePublished":"2020-01-28T06:47:37+00:00","dateModified":"2021-09-30T07:28:19+00:00","breadcrumb":{"@id":"https:\/\/www.rochelt.com\/fr\/protection-des-donnees\/#breadcrumb"},"inLanguage":"fr-FR","potentialAction":[{"@type":"ReadAction","target":["https:\/\/www.rochelt.com\/fr\/protection-des-donnees\/"]}]},{"@type":"BreadcrumbList","@id":"https:\/\/www.rochelt.com\/fr\/protection-des-donnees\/#breadcrumb","itemListElement":[{"@type":"ListItem","position":1,"name":"Startseite","item":"https:\/\/www.rochelt.com\/fr\/"},{"@type":"ListItem","position":2,"name":"Protection des donn\u00e9es"}]},{"@type":"WebSite","@id":"https:\/\/www.rochelt.com\/#website","url":"https:\/\/www.rochelt.com\/","name":"Rochelt","description":"Tiroler Schnapsbrennerei","publisher":{"@id":"https:\/\/www.rochelt.com\/#organization"},"potentialAction":[{"@type":"SearchAction","target":{"@type":"EntryPoint","urlTemplate":"https:\/\/www.rochelt.com\/?s={search_term_string}"},"query-input":{"@type":"PropertyValueSpecification","valueRequired":true,"valueName":"search_term_string"}}],"inLanguage":"fr-FR"},{"@type":"Organization","@id":"https:\/\/www.rochelt.com\/#organization","name":"Rochelt","url":"https:\/\/www.rochelt.com\/","logo":{"@type":"ImageObject","inLanguage":"fr-FR","@id":"https:\/\/www.rochelt.com\/#\/schema\/logo\/image\/","url":"https:\/\/www.rochelt.com\/wp-content\/uploads\/2020\/01\/rochelt-logo-schriftzug-weiss.png","contentUrl":"https:\/\/www.rochelt.com\/wp-content\/uploads\/2020\/01\/rochelt-logo-schriftzug-weiss.png","width":830,"height":133,"caption":"Rochelt"},"image":{"@id":"https:\/\/www.rochelt.com\/#\/schema\/logo\/image\/"}}]}},"_links":{"self":[{"href":"https:\/\/www.rochelt.com\/fr\/wp-json\/wp\/v2\/pages\/1276","targetHints":{"allow":["GET"]}}],"collection":[{"href":"https:\/\/www.rochelt.com\/fr\/wp-json\/wp\/v2\/pages"}],"about":[{"href":"https:\/\/www.rochelt.com\/fr\/wp-json\/wp\/v2\/types\/page"}],"author":[{"embeddable":true,"href":"https:\/\/www.rochelt.com\/fr\/wp-json\/wp\/v2\/users\/2"}],"replies":[{"embeddable":true,"href":"https:\/\/www.rochelt.com\/fr\/wp-json\/wp\/v2\/comments?post=1276"}],"version-history":[{"count":6,"href":"https:\/\/www.rochelt.com\/fr\/wp-json\/wp\/v2\/pages\/1276\/revisions"}],"predecessor-version":[{"id":2880,"href":"https:\/\/www.rochelt.com\/fr\/wp-json\/wp\/v2\/pages\/1276\/revisions\/2880"}],"wp:attachment":[{"href":"https:\/\/www.rochelt.com\/fr\/wp-json\/wp\/v2\/media?parent=1276"}],"curies":[{"name":"wp","href":"https:\/\/api.w.org\/{rel}","templated":true}]}}