{"id":1277,"date":"2020-01-28T16:17:25","date_gmt":"2020-01-28T15:17:25","guid":{"rendered":"https:\/\/www.mediatirol.at\/rochelt\/warum\/"},"modified":"2021-09-30T09:29:00","modified_gmt":"2021-09-30T07:29:00","slug":"porquoi","status":"publish","type":"page","link":"https:\/\/www.rochelt.com\/fr\/porquoi\/","title":{"rendered":"Pourquoi"},"content":{"rendered":"<div id=\"modal-ready\">\n<h2 class=\"wp-block-heading\"> PASSION ET PERS\u00c9V\u00c9RANCE <\/h2>\n\n\n\n<p>\u201e La cueillette des champignons dans la for\u00eat, celle de l\u2019arnica au printemps, les ruches, le jardin aromatique, la cuisson du pain, le verger de mon grand-p\u00e8re et le brassage des mo\u00fbts de la r\u00e9colte \u2013 telles sont les images que j\u2019associe depuis ma plus tendre enfance avec mon p\u00e8re. \u00c0 nous, ses filles, il a transmis le respect de la nature et des hommes, et il nous a transmis sa sensibilit\u00e9 \u00e0 tout ce qui est bon, vrai et authentique. Et ce sont pr\u00e9cis\u00e9ment ces valeurs qui forment le socle de notre maison familiale.&nbsp; \u201c<\/p>\n\n\n\n<p class=\"name\">JULIA KR\u00c4H-ROCHELT<\/p>\n\n\n\n<div class=\"wp-block-group alignfull\"><div class=\"wp-block-group__inner-container is-layout-flow wp-block-group-is-layout-flow\">\n<h3 class=\"gruen wp-block-heading\">NOTRE PHILOSOPHIE<\/h3>\n\n\n\n<p class=\"has-huge-font-size\">LA QUALIT\u00c9 DU PLAISIR<\/p>\n\n\n\n<p>Les valeurs de notre distillerie familiale guident toutes nos actions et notre philosophie d\u2019entreprise refl\u00e8te notre conception de la vie : avec enthousiasme et passion nous nous engageons pour une qualit\u00e9 intemporelle.<\/p>\n\n\n\n<p>Notre distillerie c\u00e9l\u00e8bre la tradition et la culture tyroliennes de l\u2019eau-de-vie et \u00e9labore des produits raffin\u00e9s qui s\u2019inscrivent dans un art de vivre cultiv\u00e9.<\/p>\n\n\n\n<p>Pour nous, il n\u2019y a pas d\u2019alternative \u00e0 l\u2019excellence et la qualit\u00e9 de la r\u00e9colte d\u00e9termine les quantit\u00e9s produites. Autrement dit, dans les bonnes ann\u00e9es nous produisons plus d\u2019eau-de-vie que dans les mauvaises. Et si, \u00e0 cause des conditions m\u00e9t\u00e9orologiques ou de maturation, le mill\u00e9sime d\u2019une vari\u00e9t\u00e9 n\u2019est pas \u00e0 la hauteur de nos attentes intransigeantes, nous n\u2018h\u00e9sitons pas \u00e0 renoncer purement et simplement \u00e0 cette r\u00e9colte. C\u2019est pourquoi nous ne pouvons donner aucune garantie de mill\u00e9sime ou de vari\u00e9t\u00e9 \u2013 seulement la promesse que l\u2019eau-de-vie contenue dans nos bouteilles est d\u2019une qualit\u00e9 exceptionnelle.<\/p>\n\n\n\n<figure class=\"wp-block-image alignwide size-large\"><img loading=\"lazy\" decoding=\"async\" width=\"1024\" height=\"792\" src=\"https:\/\/www.rochelt.com\/wp-content\/uploads\/2020\/07\/Montagen_1024px_warum_V_02.jpg\" alt=\"\" class=\"wp-image-2255\" srcset=\"https:\/\/www.rochelt.com\/wp-content\/uploads\/2020\/07\/Montagen_1024px_warum_V_02.jpg 1024w, https:\/\/www.rochelt.com\/wp-content\/uploads\/2020\/07\/Montagen_1024px_warum_V_02-300x232.jpg 300w, https:\/\/www.rochelt.com\/wp-content\/uploads\/2020\/07\/Montagen_1024px_warum_V_02-768x594.jpg 768w\" sizes=\"auto, (max-width: 1024px) 100vw, 1024px\" \/><\/figure>\n\n\n\n\n\n\n\n<div class=\"abstand-linie\">\n\t<span><\/span>\n<\/div>\n\n\n\n\n\n\n\n\n\n\n\n<h3 class=\"gruen wp-block-heading\">EXIGENCE<\/h3>\n\n\n\n<h4 class=\"gross wp-block-heading\">LE PLAISIR SANS COMPROMIS<\/h4>\n\n\n\n<h3 class=\"klein wp-block-heading\">PETITE, MAIS TR\u00c8S EXIGEANTE<\/h3>\n\n\n\n<p> Nous souhaitons rester une petite entreprise familiale. Nous sommes convaincus que seul un p\u00e9rim\u00e8tre restreint nous permet de satisfaire notre tr\u00e8s haute exigence de qualit\u00e9 jusque dans les moindres d\u00e9tails.<\/p>\n\n\n\n<div style=\"height:30px\" aria-hidden=\"true\" class=\"wp-block-spacer\"><\/div>\n\n\n\n<h3 class=\"reduktion wp-block-heading\">R\u00c9DUCTION \u00c0 L\u2019ESSENTIEL<\/h3>\n\n\n\n<p> Nous prenons le meilleur de la nature et le r\u00e9duisons \u00e0 son essence&nbsp;: nos eaux-de-vie sont 100&nbsp;% naturelles, pures, authentiques, claires et pr\u00e9cieuses. De la mati\u00e8re premi\u00e8re au produit fini, en passant par l\u2019ensemble du processus de production, nous faisons confiance \u00e0 la perfection de la nature.<\/p>\n\n\n\n<div style=\"height:30px\" aria-hidden=\"true\" class=\"wp-block-spacer\"><\/div>\n\n\n\n<h3 class=\"zeit wp-block-heading\">DU TEMPS, DE L\u2019AMOUR ET DE LA PATIENCE<\/h3>\n\n\n\n<p> L\u2019amour et la patience transforment le bon en l\u2019exceptionnel. C\u2019est pourquoi nous prenons le temps, du d\u00e9but \u00e0 la fin&nbsp;du processus de production : nos fruits ne sont pas secou\u00e9s de l\u2019arbre \u00e0 une date pr\u00e9d\u00e9finie, mais chaque fruit est cueilli au summum de sa maturit\u00e9. Nous laissons au mo\u00fbt le temps de fermenter de fa\u00e7on 100% naturelle, sans aucun ajout. La double distillation se fait chez nous aussi lentement et doucement que possible, afin de pr\u00e9server la finesse des ar\u00f4mes de fruit. Et m\u00eame si nous attendons avec impatience le r\u00e9sultat final d\u2019une cuv\u00e9e, nous patientons aussi longtemps qu\u2019il faut \u00e0 chaque eau-de-vie pour \u00eatre pleinement \u00e9panouie. Mais quand l\u2019eau-de-vie arrive enfin \u00e0 maturit\u00e9, son intensit\u00e9 fruit\u00e9e, sa rondeur et sa douceur incomparables nous offrent le plaisir d\u2019une d\u00e9gustation ou chaque goutte cr\u00e9e une \u00e9motion.<\/p>\n\n\n\n\n\n\n\n<div class=\"zitat alignwide\">\n\t<div class=\"zitat-box\" style=\"background-image: url(https:\/\/www.rochelt.com\/wp-content\/uploads\/2020\/01\/warum-zitat-vogelbeere-1600x582-2.jpg)\">\n\t\t<div class=\"text row align-items-center\">\n\t\t\t<div class=\"col-12 col-lg-8 quote\">\n\t\t\t\t<blockquote>\u201eDes fruits exquis, telle est la mati\u00e8re dont nos r\u00eaves sont faits \u2013 c\u2019est le secret du plaisir.\u201c<\/blockquote>\n\t\t\t<\/div>\n\t\t\t<div class=\"col-12 col-lg-4 who\">\n\t\t\t\t<p class=\"name\">G\u00dcNTER ROCHELT<\/p>\n\t\t\t<\/div>\n\t\t<\/div>\n\t<\/div>\n<\/div>\n\n\n\n\n\n\n\n\n<\/div><\/div>\n<\/div>","protected":false},"excerpt":{"rendered":"<p>PASSION ET PERS\u00c9V\u00c9RANCE \u201e La cueillette des champignons dans la for\u00eat, celle de l\u2019arnica au printemps, les ruches, le jardin aromatique, la cuisson du pain, le verger de mon grand-p\u00e8re et le brassage des mo\u00fbts de la r\u00e9colte \u2013 telles sont les images que j\u2019associe depuis ma plus tendre enfance avec mon p\u00e8re. \u00c0 nous, &hellip;<\/p>\n","protected":false},"author":2,"featured_media":0,"parent":0,"menu_order":0,"comment_status":"closed","ping_status":"closed","template":"","meta":{"_acf_changed":false,"footnotes":""},"class_list":["post-1277","page","type-page","status-publish","hentry"],"acf":[],"yoast_head":"<!-- This site is optimized with the Yoast SEO plugin v26.5 - https:\/\/yoast.com\/wordpress\/plugins\/seo\/ -->\n<title>Pourquoi - Rochelt<\/title>\n<meta name=\"robots\" content=\"index, follow, max-snippet:-1, max-image-preview:large, max-video-preview:-1\" \/>\n<link rel=\"canonical\" href=\"https:\/\/www.rochelt.com\/fr\/porquoi\/\" \/>\n<meta property=\"og:locale\" content=\"fr_FR\" \/>\n<meta property=\"og:type\" content=\"article\" \/>\n<meta property=\"og:title\" content=\"Pourquoi - Rochelt\" \/>\n<meta property=\"og:description\" content=\"PASSION ET PERS\u00c9V\u00c9RANCE \u201e La cueillette des champignons dans la for\u00eat, celle de l\u2019arnica au printemps, les ruches, le jardin aromatique, la cuisson du pain, le verger de mon grand-p\u00e8re et le brassage des mo\u00fbts de la r\u00e9colte \u2013 telles sont les images que j\u2019associe depuis ma plus tendre enfance avec mon p\u00e8re. \u00c0 nous, &hellip;\" \/>\n<meta property=\"og:url\" content=\"https:\/\/www.rochelt.com\/fr\/porquoi\/\" \/>\n<meta property=\"og:site_name\" content=\"Rochelt\" \/>\n<meta property=\"article:modified_time\" content=\"2021-09-30T07:29:00+00:00\" \/>\n<meta property=\"og:image\" content=\"https:\/\/www.rochelt.com\/wp-content\/uploads\/2020\/07\/Montagen_1024px_warum_V_02.jpg\" \/>\n<meta name=\"twitter:card\" content=\"summary_large_image\" \/>\n<meta name=\"twitter:label1\" content=\"Dur\u00e9e de lecture estim\u00e9e\" \/>\n\t<meta name=\"twitter:data1\" content=\"3 minutes\" \/>\n<script type=\"application\/ld+json\" class=\"yoast-schema-graph\">{\"@context\":\"https:\/\/schema.org\",\"@graph\":[{\"@type\":\"WebPage\",\"@id\":\"https:\/\/www.rochelt.com\/fr\/porquoi\/\",\"url\":\"https:\/\/www.rochelt.com\/fr\/porquoi\/\",\"name\":\"Pourquoi - Rochelt\",\"isPartOf\":{\"@id\":\"https:\/\/www.rochelt.com\/#website\"},\"primaryImageOfPage\":{\"@id\":\"https:\/\/www.rochelt.com\/fr\/porquoi\/#primaryimage\"},\"image\":{\"@id\":\"https:\/\/www.rochelt.com\/fr\/porquoi\/#primaryimage\"},\"thumbnailUrl\":\"https:\/\/www.rochelt.com\/wp-content\/uploads\/2020\/07\/Montagen_1024px_warum_V_02.jpg\",\"datePublished\":\"2020-01-28T15:17:25+00:00\",\"dateModified\":\"2021-09-30T07:29:00+00:00\",\"breadcrumb\":{\"@id\":\"https:\/\/www.rochelt.com\/fr\/porquoi\/#breadcrumb\"},\"inLanguage\":\"fr-FR\",\"potentialAction\":[{\"@type\":\"ReadAction\",\"target\":[\"https:\/\/www.rochelt.com\/fr\/porquoi\/\"]}]},{\"@type\":\"ImageObject\",\"inLanguage\":\"fr-FR\",\"@id\":\"https:\/\/www.rochelt.com\/fr\/porquoi\/#primaryimage\",\"url\":\"https:\/\/www.rochelt.com\/wp-content\/uploads\/2020\/07\/Montagen_1024px_warum_V_02.jpg\",\"contentUrl\":\"https:\/\/www.rochelt.com\/wp-content\/uploads\/2020\/07\/Montagen_1024px_warum_V_02.jpg\"},{\"@type\":\"BreadcrumbList\",\"@id\":\"https:\/\/www.rochelt.com\/fr\/porquoi\/#breadcrumb\",\"itemListElement\":[{\"@type\":\"ListItem\",\"position\":1,\"name\":\"Startseite\",\"item\":\"https:\/\/www.rochelt.com\/fr\/\"},{\"@type\":\"ListItem\",\"position\":2,\"name\":\"Pourquoi\"}]},{\"@type\":\"WebSite\",\"@id\":\"https:\/\/www.rochelt.com\/#website\",\"url\":\"https:\/\/www.rochelt.com\/\",\"name\":\"Rochelt\",\"description\":\"Tiroler Schnapsbrennerei\",\"publisher\":{\"@id\":\"https:\/\/www.rochelt.com\/#organization\"},\"potentialAction\":[{\"@type\":\"SearchAction\",\"target\":{\"@type\":\"EntryPoint\",\"urlTemplate\":\"https:\/\/www.rochelt.com\/?s={search_term_string}\"},\"query-input\":{\"@type\":\"PropertyValueSpecification\",\"valueRequired\":true,\"valueName\":\"search_term_string\"}}],\"inLanguage\":\"fr-FR\"},{\"@type\":\"Organization\",\"@id\":\"https:\/\/www.rochelt.com\/#organization\",\"name\":\"Rochelt\",\"url\":\"https:\/\/www.rochelt.com\/\",\"logo\":{\"@type\":\"ImageObject\",\"inLanguage\":\"fr-FR\",\"@id\":\"https:\/\/www.rochelt.com\/#\/schema\/logo\/image\/\",\"url\":\"https:\/\/www.rochelt.com\/wp-content\/uploads\/2020\/01\/rochelt-logo-schriftzug-weiss.png\",\"contentUrl\":\"https:\/\/www.rochelt.com\/wp-content\/uploads\/2020\/01\/rochelt-logo-schriftzug-weiss.png\",\"width\":830,\"height\":133,\"caption\":\"Rochelt\"},\"image\":{\"@id\":\"https:\/\/www.rochelt.com\/#\/schema\/logo\/image\/\"}}]}<\/script>\n<!-- \/ Yoast SEO plugin. -->","yoast_head_json":{"title":"Pourquoi - Rochelt","robots":{"index":"index","follow":"follow","max-snippet":"max-snippet:-1","max-image-preview":"max-image-preview:large","max-video-preview":"max-video-preview:-1"},"canonical":"https:\/\/www.rochelt.com\/fr\/porquoi\/","og_locale":"fr_FR","og_type":"article","og_title":"Pourquoi - Rochelt","og_description":"PASSION ET PERS\u00c9V\u00c9RANCE \u201e La cueillette des champignons dans la for\u00eat, celle de l\u2019arnica au printemps, les ruches, le jardin aromatique, la cuisson du pain, le verger de mon grand-p\u00e8re et le brassage des mo\u00fbts de la r\u00e9colte \u2013 telles sont les images que j\u2019associe depuis ma plus tendre enfance avec mon p\u00e8re. \u00c0 nous, &hellip;","og_url":"https:\/\/www.rochelt.com\/fr\/porquoi\/","og_site_name":"Rochelt","article_modified_time":"2021-09-30T07:29:00+00:00","og_image":[{"url":"https:\/\/www.rochelt.com\/wp-content\/uploads\/2020\/07\/Montagen_1024px_warum_V_02.jpg","type":"","width":"","height":""}],"twitter_card":"summary_large_image","twitter_misc":{"Dur\u00e9e de lecture estim\u00e9e":"3 minutes"},"schema":{"@context":"https:\/\/schema.org","@graph":[{"@type":"WebPage","@id":"https:\/\/www.rochelt.com\/fr\/porquoi\/","url":"https:\/\/www.rochelt.com\/fr\/porquoi\/","name":"Pourquoi - Rochelt","isPartOf":{"@id":"https:\/\/www.rochelt.com\/#website"},"primaryImageOfPage":{"@id":"https:\/\/www.rochelt.com\/fr\/porquoi\/#primaryimage"},"image":{"@id":"https:\/\/www.rochelt.com\/fr\/porquoi\/#primaryimage"},"thumbnailUrl":"https:\/\/www.rochelt.com\/wp-content\/uploads\/2020\/07\/Montagen_1024px_warum_V_02.jpg","datePublished":"2020-01-28T15:17:25+00:00","dateModified":"2021-09-30T07:29:00+00:00","breadcrumb":{"@id":"https:\/\/www.rochelt.com\/fr\/porquoi\/#breadcrumb"},"inLanguage":"fr-FR","potentialAction":[{"@type":"ReadAction","target":["https:\/\/www.rochelt.com\/fr\/porquoi\/"]}]},{"@type":"ImageObject","inLanguage":"fr-FR","@id":"https:\/\/www.rochelt.com\/fr\/porquoi\/#primaryimage","url":"https:\/\/www.rochelt.com\/wp-content\/uploads\/2020\/07\/Montagen_1024px_warum_V_02.jpg","contentUrl":"https:\/\/www.rochelt.com\/wp-content\/uploads\/2020\/07\/Montagen_1024px_warum_V_02.jpg"},{"@type":"BreadcrumbList","@id":"https:\/\/www.rochelt.com\/fr\/porquoi\/#breadcrumb","itemListElement":[{"@type":"ListItem","position":1,"name":"Startseite","item":"https:\/\/www.rochelt.com\/fr\/"},{"@type":"ListItem","position":2,"name":"Pourquoi"}]},{"@type":"WebSite","@id":"https:\/\/www.rochelt.com\/#website","url":"https:\/\/www.rochelt.com\/","name":"Rochelt","description":"Tiroler Schnapsbrennerei","publisher":{"@id":"https:\/\/www.rochelt.com\/#organization"},"potentialAction":[{"@type":"SearchAction","target":{"@type":"EntryPoint","urlTemplate":"https:\/\/www.rochelt.com\/?s={search_term_string}"},"query-input":{"@type":"PropertyValueSpecification","valueRequired":true,"valueName":"search_term_string"}}],"inLanguage":"fr-FR"},{"@type":"Organization","@id":"https:\/\/www.rochelt.com\/#organization","name":"Rochelt","url":"https:\/\/www.rochelt.com\/","logo":{"@type":"ImageObject","inLanguage":"fr-FR","@id":"https:\/\/www.rochelt.com\/#\/schema\/logo\/image\/","url":"https:\/\/www.rochelt.com\/wp-content\/uploads\/2020\/01\/rochelt-logo-schriftzug-weiss.png","contentUrl":"https:\/\/www.rochelt.com\/wp-content\/uploads\/2020\/01\/rochelt-logo-schriftzug-weiss.png","width":830,"height":133,"caption":"Rochelt"},"image":{"@id":"https:\/\/www.rochelt.com\/#\/schema\/logo\/image\/"}}]}},"_links":{"self":[{"href":"https:\/\/www.rochelt.com\/fr\/wp-json\/wp\/v2\/pages\/1277","targetHints":{"allow":["GET"]}}],"collection":[{"href":"https:\/\/www.rochelt.com\/fr\/wp-json\/wp\/v2\/pages"}],"about":[{"href":"https:\/\/www.rochelt.com\/fr\/wp-json\/wp\/v2\/types\/page"}],"author":[{"embeddable":true,"href":"https:\/\/www.rochelt.com\/fr\/wp-json\/wp\/v2\/users\/2"}],"replies":[{"embeddable":true,"href":"https:\/\/www.rochelt.com\/fr\/wp-json\/wp\/v2\/comments?post=1277"}],"version-history":[{"count":18,"href":"https:\/\/www.rochelt.com\/fr\/wp-json\/wp\/v2\/pages\/1277\/revisions"}],"predecessor-version":[{"id":2258,"href":"https:\/\/www.rochelt.com\/fr\/wp-json\/wp\/v2\/pages\/1277\/revisions\/2258"}],"wp:attachment":[{"href":"https:\/\/www.rochelt.com\/fr\/wp-json\/wp\/v2\/media?parent=1277"}],"curies":[{"name":"wp","href":"https:\/\/api.w.org\/{rel}","templated":true}]}}