{"id":1306,"date":"2020-03-06T09:18:51","date_gmt":"2020-03-06T08:18:51","guid":{"rendered":"https:\/\/www.mediatirol.at\/rochelt\/wie\/"},"modified":"2021-09-30T09:27:35","modified_gmt":"2021-09-30T07:27:35","slug":"comment","status":"publish","type":"page","link":"https:\/\/www.rochelt.com\/fr\/comment\/","title":{"rendered":"Comment"},"content":{"rendered":"<div id=\"modal-ready\">\n<h2 class=\"wp-block-heading\">SAISIR LE BON MOMENT\u2026<\/h2>\n\n\n\n<p>L\u2019art de la r\u00e9duction. La nature \u00e9crit les meilleures recettes, c\u2019est pourquoi nous n\u2019\u00e9laborons nos eaux-de-vie qu\u2019\u00e0 partir d\u2019un seul ingr\u00e9dient : le fruit !<\/p>\n\n\n\n<p>Nous y ajoutons une bonne dose de passion, l\u2019art de saisir le bon moment, beaucoup de patience, d\u2019amour et d\u2019attention, sans oublier une exigence de qualit\u00e9 sans faille.<\/p>\n\n\n\n<p>Tout commence avec la s\u00e9lection des fruits et se poursuit encore bien longtemps apr\u00e8s la distillation. Car c\u2019est seulement apr\u00e8s de nombreuses ann\u00e9es de repos et de maturation que les jeunes eaux-de-vie se transforment en de nobles spiritueux, \u00e0 la fois puissants et concentr\u00e9s, onctueux et subtilement fruit\u00e9s.<\/p>\n\n\n\n<div class=\"wp-block-group alignfull strich-unten\"><div class=\"wp-block-group__inner-container is-layout-flow wp-block-group-is-layout-flow\">\n<h3 class=\"gruen wp-block-heading\">LA QUALIT\u00c9 DES FRUITS<\/h3>\n\n\n\n<p class=\"has-huge-font-size\">EXIGER LE MEILLEUR<\/p>\n\n\n\n<p>L\u2019art de la nature. Seuls des meilleurs fruits naissent les meilleures eaux-de-vie. C\u2019est pourquoi nous sommes tr\u00e8s exigeants dans le choix de nos fruits qui commence d\u00e8s la s\u00e9lection de la vari\u00e9t\u00e9 ad\u00e9quate. En effet, toutes les vari\u00e9t\u00e9s de pommes ou toutes les baies ne conviennent pas \u00e0 l\u2019\u00e9laboration d\u2019une eau-de-vie d\u2019exception. Nous nous enthousiasmons tout autant pour des fruits cultiv\u00e9s aux propri\u00e9t\u00e9s gustatives exceptionnelles, comme l\u2019abricot de la Wachau, que pour des esp\u00e8ces ou des vari\u00e9t\u00e9s rares comme la pomme Gravenstein, ou des fruits sauvages comme la framboise du bois ou la prunelle. Nous les trouvons dans les meilleurs terroirs et sur des sites s\u00e9lectionn\u00e9s m\u00e9ticuleusement pour leurs micro-climats propices \u00e0 l\u2019\u00e9panouissement optimal de chaque vari\u00e9t\u00e9.<\/p>\n\n\n\n<p>Chaque abricot, chaque poire, et bien s\u00fbr chacun de tous nos autres fruits reste sur l\u2019arbre ou l\u2019arbuste tant qu\u2019il n\u2019a pas atteint sa teneur en sucre maximale. Cette exigence n\u00e9cessite beaucoup de patience car le processus de maturation peut durer plusieurs semaines &#8211; dans la nature les fruits d\u2019une m\u00eame vari\u00e9t\u00e9 n\u2019arrivent pas tous \u00e0 pleine maturit\u00e9 au m\u00eame moment. Mais comme seuls des fruits sains, charnus et intens\u00e9ment gouteux peuvent donner une eau-de-vie d\u2019exception, nous acceptons volontiers cette contrainte.<\/p>\n\n\n\n<p>Nos arboriculteurs sont pour la plupart des partenaires de longue date, avec qui nous partageons la m\u00eame qu\u00eate de perfection. Nous tremblons avec eux lorsque les conditions m\u00e9t\u00e9orologiques ou de maturation ne sont pas r\u00e9unies, car seule la qualit\u00e9 des fruits d\u00e9termine les volumes de nos r\u00e9coltes. Et quand celle-ci n\u2019est pas \u00e0 la hauteur de nos exigences, nous n\u2019h\u00e9sitons pas \u00e0 renoncer enti\u00e8rement \u00e0 une vari\u00e9t\u00e9 pendant une ann\u00e9e. Nous sommes donc d\u2019autant plus heureux lorsque la nature nous permet de r\u00e9colter des fruits ayant atteint une maturit\u00e9 et intensit\u00e9 aromatique parfaites &#8211; le r\u00eave de tout distillateur.<\/p>\n\n\n\n<figure class=\"wp-block-image alignwide size-large\"><img loading=\"lazy\" decoding=\"async\" width=\"1024\" height=\"792\" src=\"https:\/\/www.rochelt.com\/wp-content\/uploads\/2020\/07\/Montagen_1024px_wie_V_04.jpg\" alt=\"\" class=\"wp-image-2249\" srcset=\"https:\/\/www.rochelt.com\/wp-content\/uploads\/2020\/07\/Montagen_1024px_wie_V_04.jpg 1024w, https:\/\/www.rochelt.com\/wp-content\/uploads\/2020\/07\/Montagen_1024px_wie_V_04-300x232.jpg 300w, https:\/\/www.rochelt.com\/wp-content\/uploads\/2020\/07\/Montagen_1024px_wie_V_04-768x594.jpg 768w\" sizes=\"auto, (max-width: 1024px) 100vw, 1024px\" \/><\/figure>\n<\/div><\/div>\n\n\n\n<div style=\"height:80px\" aria-hidden=\"true\" class=\"wp-block-spacer strich-oben\"><\/div>\n\n\n\n<h3 class=\"gruen wp-block-heading\">FERMENTATION<\/h3>\n\n\n\n<p class=\"has-huge-font-size\">LA TRANSFORMATION NATURELLE DU FRUCTOSE<\/p>\n\n\n\n<p class=\"has-large-font-size\">UNE ATTENTION DE TOUS LES INSTANTS<\/p>\n\n\n\n<p>L\u2019art de la m\u00e9tamorphose. Le soin et la propret\u00e9 sont les ma\u00eetres mots qui nous guident \u00e0 tout instant de toutes les \u00e9tapes de la r\u00e9colte et de la transformation des fruits. Les fruits sont m\u00e9ticuleusement tri\u00e9s et lav\u00e9s directement sur place, puis ils sont broy\u00e9s par brassage dans des cuves de fermentation sp\u00e9ciales.<\/p>\n\n\n\n<p>C\u2019est l\u00e0 que les levures indig\u00e8nes naturellement pr\u00e9sentes sur la peau des fruits d\u00e9clenchent en quelques heures la fermentation dite tumultueuse et transforment le fructose du mo\u00fbt en alcool. Nous pourrions acc\u00e9l\u00e9rer ce processus en ajoutant un adjuvant de fermentation, mais cela est contraire \u00e0 nos principes. Nous laissons donc la transformation se faire de fa\u00e7on 100 % naturelle &#8211; le seul moyen de pr\u00e9server toute la puret\u00e9 et la pr\u00e9cision des ar\u00f4mes de fruits d\u00e9licats.<\/p>\n\n\n\n<p>C\u2019est pour cette raison que nous n\u2019utilisons jamais le moindre additif, quel qu\u2019il soit \u2013 interf\u00e9rer dans ce processus de transformation invent\u00e9&nbsp;par la nature d\u00e9naturerait son r\u00e9sultat d\u00e9licieux.<\/p>\n\n\n\n<p><\/p>\n\n\n\n<figure class=\"wp-block-image alignwide size-large\"><img loading=\"lazy\" decoding=\"async\" width=\"930\" height=\"425\" src=\"https:\/\/www.rochelt.com\/wp-content\/uploads\/2020\/04\/wie_abbildung_gaerung_FR.png\" alt=\"\" class=\"wp-image-1309\" srcset=\"https:\/\/www.rochelt.com\/wp-content\/uploads\/2020\/04\/wie_abbildung_gaerung_FR.png 930w, https:\/\/www.rochelt.com\/wp-content\/uploads\/2020\/04\/wie_abbildung_gaerung_FR-300x137.png 300w, https:\/\/www.rochelt.com\/wp-content\/uploads\/2020\/04\/wie_abbildung_gaerung_FR-768x351.png 768w\" sizes=\"auto, (max-width: 930px) 100vw, 930px\" \/><\/figure>\n\n\n\n<div class=\"wp-block-group alignfull strich-unten\"><div class=\"wp-block-group__inner-container is-layout-flow wp-block-group-is-layout-flow\">\n<h3 class=\"gruen wp-block-heading\">DISTILLATION<\/h3>\n\n\n\n<p class=\"has-huge-font-size\">LE PLUS LENTEMENT ET AVEC LE PLUS GRAND SOIN POSSIBLE<\/p>\n\n\n\n<p class=\"has-large-font-size\">DISTILL\u00c9E DEUX FOIS POUR CONCENTRER LES AR\u00d4MES<\/p>\n\n\n\n<p>L\u2019art de la concentration. A l\u2019issue de la fermentation, le mo\u00fbt des fruits est distill\u00e9 \u00e0 deux reprises dans l\u2019alambic en cuivre comme le veut la tradition tyrolienne.<\/p>\n\n\n\n<p>Nous prenons alors tout notre temps, car le mo\u00fbt doit \u00eatre transform\u00e9 en eau-de-vie le plus lentement et le plus doucement possible. L\u2019alcool sert d\u2019irrempla\u00e7able support des ar\u00f4mes qu\u2019il convient de pr\u00e9server avec une distillation tout en finesse.<\/p>\n\n\n\n<p>La premi\u00e8re distillation permet d\u2019obtenir le \u00ab&nbsp;brouillis&nbsp;\u00bb ou la \u00ab&nbsp;petite eau&nbsp;\u00bb que la deuxi\u00e8me distillation transforme en \u00ab&nbsp;bonne chauffe&nbsp;\u00bb. De celle-ci reste alors \u00e0 extraire ce que l\u2019on appelle le \u00ab&nbsp;c\u0153ur de chauffe&nbsp;\u00bb, la meilleure partie du distillat qui sera embouteill\u00e9e. Cette \u00e9tape d\u00e9licate exige beaucoup d\u2019habilet\u00e9 et une grande exp\u00e9rience. C\u2019est elle qui d\u00e9termine si le meilleur des mo\u00fbts devient \u00e9galement la meilleure des eaux-de-vie. Et bien s\u00fbr le ma\u00eetre distillateur donne sa note personnelle \u00e0 chaque eau-de-vie et chaque mill\u00e9sime. Chez Rochelt, jusqu\u2019\u00e0 80 kilos de fruits sont ainsi concentr\u00e9s en un seul litre d\u2019eau-de-vie.<\/p>\n\n\n\n<figure class=\"wp-block-video alignwide\"><video autoplay loop muted src=\"https:\/\/www.rochelt.com\/wp-content\/uploads\/2020\/01\/video-wie_brennerzeitlupe.mp4\"><\/video><\/figure>\n\n\n\n\n\n\n\n<div class=\"abstand-linie\">\n\t<span><\/span>\n<\/div>\n\n\n\n\n\n\n\n\n\n\n\n<p class=\"has-huge-font-size\">NOTRE PROCESSUS DE DISTILLATION<\/p>\n\n\n\n<figure class=\"wp-block-image alignwide size-large sobrennenwir mb-0\"><img loading=\"lazy\" decoding=\"async\" width=\"930\" height=\"850\" src=\"https:\/\/www.rochelt.com\/wp-content\/uploads\/2020\/04\/wie_abbildung_brennvorgang_FR.png\" alt=\"\" class=\"wp-image-1314\" srcset=\"https:\/\/www.rochelt.com\/wp-content\/uploads\/2020\/04\/wie_abbildung_brennvorgang_FR.png 930w, https:\/\/www.rochelt.com\/wp-content\/uploads\/2020\/04\/wie_abbildung_brennvorgang_FR-300x274.png 300w, https:\/\/www.rochelt.com\/wp-content\/uploads\/2020\/04\/wie_abbildung_brennvorgang_FR-768x702.png 768w\" sizes=\"auto, (max-width: 930px) 100vw, 930px\" \/><\/figure>\n<\/div><\/div>\n\n\n\n<div style=\"height:80px\" aria-hidden=\"true\" class=\"wp-block-spacer strich-oben\"><\/div>\n\n\n\n<h3 class=\"gruen wp-block-heading\">VIEILLISSEMENT<\/h3>\n\n\n\n<p class=\"has-huge-font-size\">UNE EAU-DE-VIE D\u2019EXCEPTION NECESSITE BEAUCOUP DE TEMPS ET DE PATIENCE<\/p>\n\n\n\n<p class=\"has-large-font-size\">DISTILL\u00c9E MAIS ENCORE LOIN D\u2019\u00caTRE TERMIN\u00c9E.<\/p>\n\n\n\n<p>L\u2019art de la patience. Nous donnons du temps \u00e0 nos eaux-de-vie. Beaucoup de temps ! Car c\u2019est le temps de maturation qui rend une bonne eau-de-vie exceptionnelle. Les n\u00f4tres vieillissent jusqu\u2019\u00e0 dix ans en bonbonne de verre, \u00e9galement appel\u00e9 dame-jeanne. Avec les ann\u00e9es, les ar\u00f4mes de fruit et l&rsquo;alcool s\u2019unissent \u00e0 merveille pour parvenir \u00e0 une harmonie d\u00e9licieuse. Nous surveillons r\u00e9guli\u00e8rement ce processus lent et d\u00e9licat, heureux d&rsquo;accompagner nos eaux-de-vie tranquillement jusqu\u2019\u00e0 leur pleine maturit\u00e9.<\/p>\n\n\n\n<p>La part d\u2019alcool qui s\u2019\u00e9vapore au cours du vieillissement, que l\u2019on appelle \u00ab&nbsp;part des anges&nbsp;\u00bb, contribue \u00e0 forger le caract\u00e8re unique de nos produits&nbsp;: puissant, intens\u00e9ment fruit\u00e9 et onctueux \u00e0 la fois. Avec le temps, l\u2019eau-de-vie perd ainsi de sa fougue et malgr\u00e9 son degr\u00e9 d\u2019alcool \u00e9lev\u00e9, elle est tr\u00e8s agr\u00e9able \u00e0 d\u00e9guster. Puissance et douceur en parfaite harmonie&nbsp;!<\/p>\n\n\n\n<p>Le vieillissement prolong\u00e9 \u00e9vite \u00e9galement l\u2019ajout d\u2019eau en quantit\u00e9 inutilement \u00e9lev\u00e9e. Voil\u00e0 pourquoi nos eaux-de-vie restent naturellement limpides et intens\u00e9ment fruit\u00e9es et se distinguent par une finale d\u2019une longueur exceptionnelle. D\u2019ailleurs, comme l&rsquo;exige depuis toujours la tradition tyrolienne, elles ne doivent pas \u00eatre filtr\u00e9es. Un proc\u00e9d\u00e9 qui nuirait gravement \u00e0 leur qualit\u00e9 gustative d\u2019exception.<br><\/p>\n\n\n\n<div style=\"height:45px\" aria-hidden=\"true\" class=\"wp-block-spacer\"><\/div>\n\n\n\n<p class=\"has-large-font-size destillate\">NOS EAUX-DE-VIES VIEILLISSENT JUSQU\u2019\u00c0 DIX ANS DANS DES BONBONNES DE VERRE OUVERTES, \u00c9GALEMENT APPEL\u00c9ES \u00ab&nbsp;DAMES-JEANNE&nbsp;\u00bb<\/p>\n\n\n\n<figure class=\"wp-block-image alignwide size-large\"><img loading=\"lazy\" decoding=\"async\" width=\"930\" height=\"386\" src=\"https:\/\/www.rochelt.com\/wp-content\/uploads\/2020\/04\/wie_abbildung_glasballon_FR.png\" alt=\"\" class=\"wp-image-1319\" srcset=\"https:\/\/www.rochelt.com\/wp-content\/uploads\/2020\/04\/wie_abbildung_glasballon_FR.png 930w, https:\/\/www.rochelt.com\/wp-content\/uploads\/2020\/04\/wie_abbildung_glasballon_FR-300x125.png 300w, https:\/\/www.rochelt.com\/wp-content\/uploads\/2020\/04\/wie_abbildung_glasballon_FR-768x319.png 768w\" sizes=\"auto, (max-width: 930px) 100vw, 930px\" \/><\/figure>\n\n\n\n\n\n\n\n<div class=\"abstand-linie\">\n\t<span><\/span>\n<\/div>\n\n\n\n\n\n\n\n\n\n\n\n\n\n\n\n<div class=\"zitat alignwide\">\n\t<div class=\"zitat-box\" style=\"background-image: url(https:\/\/www.rochelt.com\/wp-content\/uploads\/2020\/07\/WIE-Zitat_web.jpg)\">\n\t\t<div class=\"text row align-items-center\">\n\t\t\t<div class=\"col-12 col-lg-8 quote\">\n\t\t\t\t<blockquote>\u201eUNE PHASE D\u00c9CISIVE POUR LA QUALIT\u00c9 D\u2019UN DISTILLAT, EST LE VIEILLISSEMENT PROLONG\u00c9, L\u2019\u00c2GE D\u2019UNE EAU-DE-VIE.\u201c<\/blockquote>\n\t\t\t<\/div>\n\t\t\t<div class=\"col-12 col-lg-4 who\">\n\t\t\t\t<p class=\"name\">Annia <br>Rainer-Rochelt<\/p>\n\t\t\t<\/div>\n\t\t<\/div>\n\t<\/div>\n<\/div>\n\n\n\n\n\n\n\n\n\n\n\n<div class=\"wp-block-group alignfull\"><div class=\"wp-block-group__inner-container is-layout-flow wp-block-group-is-layout-flow\">\n<h3 class=\"gruen wp-block-heading\">EN R\u00c9SUM\u00c9<\/h3>\n\n\n\n<p class=\"has-huge-font-size\">LES VALEURS DE LA DISTILLERIE ROCHELT<\/p>\n\n\n\n<figure class=\"wp-block-table alignwide prinzipien\"><table><tbody><tr><td>1<\/td><td><strong>S\u00e9lection des fruits \u00e0 pleine maturit\u00e9 issus des meilleurs terroirs.<\/strong><br>Comme nos eaux-de-vie sont \u00e9labor\u00e9es exclusivement \u00e0 partir de purs fruits, nous consacrons beaucoup de temps \u00e0 d\u00e9nicher les fruits qui r\u00e9pondent exactement \u00e0 nos exigences. La s\u00e9lection minutieuse des meilleures vari\u00e9t\u00e9s et des terroirs les plus prometteurs demande une attention et une rigueur sans faille.  <\/td><\/tr><tr><td>2<\/td><td><strong>Nos arboriculteurs sont de v\u00e9ritables partenaires de long terme <\/strong> <br>Nos coordonnons nos modes de travail, de culture et de r\u00e9colte avec chaque arboriculteur en tenant compte du terroir, de l\u2019exposition et du micro-climat sp\u00e9cifiques de chaque verger. Si, une ann\u00e9e, nous jugeons les conditions de production insatisfaisantes, nous n\u2018h\u00e9sitons pas \u00e0 renoncer \u00e0 une partie, voire \u00e0 la totalit\u00e9 de la r\u00e9colte. <\/td><\/tr><tr><td>3<\/td><td><strong>Nous veillons \u00e0 une propret\u00e9 scrupuleuse lors de la pr\u00e9paration des fruits  <\/strong><br>Seuls les meilleurs fruits, m\u00fbris \u00e0 point sur l\u2018arbre, r\u00e9colt\u00e9s manuellement avec un soin extr\u00eame et dans un \u00e9tat sanitaire irr\u00e9prochable rentrent dans nos cuves de fermentation. <\/td><\/tr><tr><td>4<\/td><td><strong>Nos mo\u00fbts fermentent naturellement, sans aucun ajout  <\/strong><br>Une obligation absolue chez Rochelt : Nos fruits fermentent naturellement, sans aucun adjuvant de fermentation ni aucun produit chimique. C\u2018est la condition sine qua non pour d\u00e9velopper des ar\u00f4mes de fruits naturels d\u2018une finesse in\u00e9gal\u00e9e.  <\/td><\/tr><tr><td>5<\/td><td><strong>Une distillation la plus lente et d\u00e9licate possible  <\/strong><br>Nos mo\u00fbts de fruits sont transform\u00e9s en eau-de-vie selon la tradition ancestrale: une premi\u00e8re distillation lente et d\u00e9licate dans nos alambics en cuivre aboutit au \u00ab brouillis \u00bb, qui est ensuite transform\u00e9 en \u00ab bonne chauffe \u00bb au cours d\u2018une deuxi\u00e8me distillation. Pour obtenir un litre du fameux \u00ab c\u0153ur de chauffe \u00bb, jusqu\u2018\u00e0 80kg de fruits sont n\u00e9cessaires. <\/td><\/tr><tr><td>6<\/td><td><strong>Laisser le temps au temps: un vieillissement prolong\u00e9 pour des eaux-de-vie \u00e9panouies  <\/strong><br>Une fois distill\u00e9es, nos eaux-de-vie vieillissent durant de tr\u00e8s longues ann\u00e9es pour d\u00e9velopper l\u2019harmonie et l\u2019expression aromatique uniques qui les caract\u00e9risent.  <\/td><\/tr><tr><td>7<\/td><td><strong>Nos eaux-de-vie sont contr\u00f4l\u00e9es pendant tout le processus d\u2019\u00e9laboration  <\/strong><br>Des contr\u00f4les minutieux \u00e0 toutes les \u00e9tapes de la production nous permettent de garantir l\u2018exceptionnelle qualit\u00e9 de nos eaux-de-vie. Elles sont d\u00e9gust\u00e9es et analys\u00e9es tr\u00e8s r\u00e9guli\u00e8rement durant le vieillissement et seules celles qui r\u00e9pondent \u00e0 nos exigences tr\u00e8s strictes sont finalement embouteill\u00e9es.  <\/td><\/tr><tr><td>8<\/td><td><strong>Une Rochelt n\u2019est jamais filtr\u00e9e  <\/strong><br>Gr\u00e2ce \u00e0 leur pleine maturit\u00e9 nos eaux-de-vie s\u2019appr\u00e9cient \u00e0 un degr\u00e9 d\u2019alcool plus \u00e9lev\u00e9, ce qui r\u00e9duit consid\u00e9rablement la quantit\u00e9 d\u2018eau \u00e0 ajouter. Ainsi nous \u00e9vitons le processus de filtration qui alt\u00e8re de fa\u00e7on consid\u00e9rable la qualit\u00e9 d\u2018une eau-de-vie de grande marque. <\/td><\/tr><tr><td>9<\/td><td><strong>Puissance et douceur en parfaite harmonie  <\/strong><br>Longuement vieillies, nos eaux-de-vie sont d\u2018une grande douceur malgr\u00e9 leur degr\u00e9 d\u2019alcool \u00e9lev\u00e9. Dans le verre, leurs parfums restent discrets, c\u2019est au palais qu\u2019ils d\u00e9ploient tous leurs ar\u00f4mes.  <\/td><\/tr><tr><td>10<\/td><td><strong>Des eaux-de-vie 100 % pur fruit et 100 % naturelles  <\/strong><br>Le naturel se per\u00e7oit d\u00e8s la premi\u00e8re gorg\u00e9e : intense, complexe et pourtant si subtilement fruit\u00e9e et typique de la vari\u00e9t\u00e9, avec une belle longueur en bouche. Une eau-de-vie Rochelt se d\u00e9guste entre connaisseurs par minuscules gorg\u00e9es ! <\/td><\/tr><\/tbody><\/table><\/figure>\n<\/div><\/div>\n<\/div>","protected":false},"excerpt":{"rendered":"<p>SAISIR LE BON MOMENT\u2026 L\u2019art de la r\u00e9duction. La nature \u00e9crit les meilleures recettes, c\u2019est pourquoi nous n\u2019\u00e9laborons nos eaux-de-vie qu\u2019\u00e0 partir d\u2019un seul ingr\u00e9dient : le fruit ! Nous y ajoutons une bonne dose de passion, l\u2019art de saisir le bon moment, beaucoup de patience, d\u2019amour et d\u2019attention, sans oublier une exigence de qualit\u00e9 &hellip;<\/p>\n","protected":false},"author":2,"featured_media":0,"parent":0,"menu_order":0,"comment_status":"closed","ping_status":"closed","template":"","meta":{"_acf_changed":false,"footnotes":""},"class_list":["post-1306","page","type-page","status-publish","hentry"],"acf":[],"yoast_head":"<!-- This site is optimized with the Yoast SEO plugin v26.5 - https:\/\/yoast.com\/wordpress\/plugins\/seo\/ -->\n<title>Comment - Rochelt<\/title>\n<meta name=\"robots\" content=\"index, follow, max-snippet:-1, max-image-preview:large, max-video-preview:-1\" \/>\n<link rel=\"canonical\" href=\"https:\/\/www.rochelt.com\/fr\/comment\/\" \/>\n<meta property=\"og:locale\" content=\"fr_FR\" \/>\n<meta property=\"og:type\" content=\"article\" \/>\n<meta property=\"og:title\" content=\"Comment - Rochelt\" \/>\n<meta property=\"og:description\" content=\"SAISIR LE BON MOMENT\u2026 L\u2019art de la r\u00e9duction. La nature \u00e9crit les meilleures recettes, c\u2019est pourquoi nous n\u2019\u00e9laborons nos eaux-de-vie qu\u2019\u00e0 partir d\u2019un seul ingr\u00e9dient : le fruit ! Nous y ajoutons une bonne dose de passion, l\u2019art de saisir le bon moment, beaucoup de patience, d\u2019amour et d\u2019attention, sans oublier une exigence de qualit\u00e9 &hellip;\" \/>\n<meta property=\"og:url\" content=\"https:\/\/www.rochelt.com\/fr\/comment\/\" \/>\n<meta property=\"og:site_name\" content=\"Rochelt\" \/>\n<meta property=\"article:modified_time\" content=\"2021-09-30T07:27:35+00:00\" \/>\n<meta property=\"og:image\" content=\"https:\/\/www.rochelt.com\/wp-content\/uploads\/2020\/07\/Montagen_1024px_wie_V_04.jpg\" \/>\n<meta name=\"twitter:card\" content=\"summary_large_image\" \/>\n<meta name=\"twitter:label1\" content=\"Dur\u00e9e de lecture estim\u00e9e\" \/>\n\t<meta name=\"twitter:data1\" content=\"8 minutes\" \/>\n<script type=\"application\/ld+json\" class=\"yoast-schema-graph\">{\"@context\":\"https:\/\/schema.org\",\"@graph\":[{\"@type\":\"WebPage\",\"@id\":\"https:\/\/www.rochelt.com\/fr\/comment\/\",\"url\":\"https:\/\/www.rochelt.com\/fr\/comment\/\",\"name\":\"Comment - Rochelt\",\"isPartOf\":{\"@id\":\"https:\/\/www.rochelt.com\/#website\"},\"primaryImageOfPage\":{\"@id\":\"https:\/\/www.rochelt.com\/fr\/comment\/#primaryimage\"},\"image\":{\"@id\":\"https:\/\/www.rochelt.com\/fr\/comment\/#primaryimage\"},\"thumbnailUrl\":\"https:\/\/www.rochelt.com\/wp-content\/uploads\/2020\/07\/Montagen_1024px_wie_V_04.jpg\",\"datePublished\":\"2020-03-06T08:18:51+00:00\",\"dateModified\":\"2021-09-30T07:27:35+00:00\",\"breadcrumb\":{\"@id\":\"https:\/\/www.rochelt.com\/fr\/comment\/#breadcrumb\"},\"inLanguage\":\"fr-FR\",\"potentialAction\":[{\"@type\":\"ReadAction\",\"target\":[\"https:\/\/www.rochelt.com\/fr\/comment\/\"]}]},{\"@type\":\"ImageObject\",\"inLanguage\":\"fr-FR\",\"@id\":\"https:\/\/www.rochelt.com\/fr\/comment\/#primaryimage\",\"url\":\"https:\/\/www.rochelt.com\/wp-content\/uploads\/2020\/07\/Montagen_1024px_wie_V_04.jpg\",\"contentUrl\":\"https:\/\/www.rochelt.com\/wp-content\/uploads\/2020\/07\/Montagen_1024px_wie_V_04.jpg\"},{\"@type\":\"BreadcrumbList\",\"@id\":\"https:\/\/www.rochelt.com\/fr\/comment\/#breadcrumb\",\"itemListElement\":[{\"@type\":\"ListItem\",\"position\":1,\"name\":\"Startseite\",\"item\":\"https:\/\/www.rochelt.com\/fr\/\"},{\"@type\":\"ListItem\",\"position\":2,\"name\":\"Comment\"}]},{\"@type\":\"WebSite\",\"@id\":\"https:\/\/www.rochelt.com\/#website\",\"url\":\"https:\/\/www.rochelt.com\/\",\"name\":\"Rochelt\",\"description\":\"Tiroler Schnapsbrennerei\",\"publisher\":{\"@id\":\"https:\/\/www.rochelt.com\/#organization\"},\"potentialAction\":[{\"@type\":\"SearchAction\",\"target\":{\"@type\":\"EntryPoint\",\"urlTemplate\":\"https:\/\/www.rochelt.com\/?s={search_term_string}\"},\"query-input\":{\"@type\":\"PropertyValueSpecification\",\"valueRequired\":true,\"valueName\":\"search_term_string\"}}],\"inLanguage\":\"fr-FR\"},{\"@type\":\"Organization\",\"@id\":\"https:\/\/www.rochelt.com\/#organization\",\"name\":\"Rochelt\",\"url\":\"https:\/\/www.rochelt.com\/\",\"logo\":{\"@type\":\"ImageObject\",\"inLanguage\":\"fr-FR\",\"@id\":\"https:\/\/www.rochelt.com\/#\/schema\/logo\/image\/\",\"url\":\"https:\/\/www.rochelt.com\/wp-content\/uploads\/2020\/01\/rochelt-logo-schriftzug-weiss.png\",\"contentUrl\":\"https:\/\/www.rochelt.com\/wp-content\/uploads\/2020\/01\/rochelt-logo-schriftzug-weiss.png\",\"width\":830,\"height\":133,\"caption\":\"Rochelt\"},\"image\":{\"@id\":\"https:\/\/www.rochelt.com\/#\/schema\/logo\/image\/\"}}]}<\/script>\n<!-- \/ Yoast SEO plugin. -->","yoast_head_json":{"title":"Comment - Rochelt","robots":{"index":"index","follow":"follow","max-snippet":"max-snippet:-1","max-image-preview":"max-image-preview:large","max-video-preview":"max-video-preview:-1"},"canonical":"https:\/\/www.rochelt.com\/fr\/comment\/","og_locale":"fr_FR","og_type":"article","og_title":"Comment - Rochelt","og_description":"SAISIR LE BON MOMENT\u2026 L\u2019art de la r\u00e9duction. La nature \u00e9crit les meilleures recettes, c\u2019est pourquoi nous n\u2019\u00e9laborons nos eaux-de-vie qu\u2019\u00e0 partir d\u2019un seul ingr\u00e9dient : le fruit ! Nous y ajoutons une bonne dose de passion, l\u2019art de saisir le bon moment, beaucoup de patience, d\u2019amour et d\u2019attention, sans oublier une exigence de qualit\u00e9 &hellip;","og_url":"https:\/\/www.rochelt.com\/fr\/comment\/","og_site_name":"Rochelt","article_modified_time":"2021-09-30T07:27:35+00:00","og_image":[{"url":"https:\/\/www.rochelt.com\/wp-content\/uploads\/2020\/07\/Montagen_1024px_wie_V_04.jpg","type":"","width":"","height":""}],"twitter_card":"summary_large_image","twitter_misc":{"Dur\u00e9e de lecture estim\u00e9e":"8 minutes"},"schema":{"@context":"https:\/\/schema.org","@graph":[{"@type":"WebPage","@id":"https:\/\/www.rochelt.com\/fr\/comment\/","url":"https:\/\/www.rochelt.com\/fr\/comment\/","name":"Comment - Rochelt","isPartOf":{"@id":"https:\/\/www.rochelt.com\/#website"},"primaryImageOfPage":{"@id":"https:\/\/www.rochelt.com\/fr\/comment\/#primaryimage"},"image":{"@id":"https:\/\/www.rochelt.com\/fr\/comment\/#primaryimage"},"thumbnailUrl":"https:\/\/www.rochelt.com\/wp-content\/uploads\/2020\/07\/Montagen_1024px_wie_V_04.jpg","datePublished":"2020-03-06T08:18:51+00:00","dateModified":"2021-09-30T07:27:35+00:00","breadcrumb":{"@id":"https:\/\/www.rochelt.com\/fr\/comment\/#breadcrumb"},"inLanguage":"fr-FR","potentialAction":[{"@type":"ReadAction","target":["https:\/\/www.rochelt.com\/fr\/comment\/"]}]},{"@type":"ImageObject","inLanguage":"fr-FR","@id":"https:\/\/www.rochelt.com\/fr\/comment\/#primaryimage","url":"https:\/\/www.rochelt.com\/wp-content\/uploads\/2020\/07\/Montagen_1024px_wie_V_04.jpg","contentUrl":"https:\/\/www.rochelt.com\/wp-content\/uploads\/2020\/07\/Montagen_1024px_wie_V_04.jpg"},{"@type":"BreadcrumbList","@id":"https:\/\/www.rochelt.com\/fr\/comment\/#breadcrumb","itemListElement":[{"@type":"ListItem","position":1,"name":"Startseite","item":"https:\/\/www.rochelt.com\/fr\/"},{"@type":"ListItem","position":2,"name":"Comment"}]},{"@type":"WebSite","@id":"https:\/\/www.rochelt.com\/#website","url":"https:\/\/www.rochelt.com\/","name":"Rochelt","description":"Tiroler Schnapsbrennerei","publisher":{"@id":"https:\/\/www.rochelt.com\/#organization"},"potentialAction":[{"@type":"SearchAction","target":{"@type":"EntryPoint","urlTemplate":"https:\/\/www.rochelt.com\/?s={search_term_string}"},"query-input":{"@type":"PropertyValueSpecification","valueRequired":true,"valueName":"search_term_string"}}],"inLanguage":"fr-FR"},{"@type":"Organization","@id":"https:\/\/www.rochelt.com\/#organization","name":"Rochelt","url":"https:\/\/www.rochelt.com\/","logo":{"@type":"ImageObject","inLanguage":"fr-FR","@id":"https:\/\/www.rochelt.com\/#\/schema\/logo\/image\/","url":"https:\/\/www.rochelt.com\/wp-content\/uploads\/2020\/01\/rochelt-logo-schriftzug-weiss.png","contentUrl":"https:\/\/www.rochelt.com\/wp-content\/uploads\/2020\/01\/rochelt-logo-schriftzug-weiss.png","width":830,"height":133,"caption":"Rochelt"},"image":{"@id":"https:\/\/www.rochelt.com\/#\/schema\/logo\/image\/"}}]}},"_links":{"self":[{"href":"https:\/\/www.rochelt.com\/fr\/wp-json\/wp\/v2\/pages\/1306","targetHints":{"allow":["GET"]}}],"collection":[{"href":"https:\/\/www.rochelt.com\/fr\/wp-json\/wp\/v2\/pages"}],"about":[{"href":"https:\/\/www.rochelt.com\/fr\/wp-json\/wp\/v2\/types\/page"}],"author":[{"embeddable":true,"href":"https:\/\/www.rochelt.com\/fr\/wp-json\/wp\/v2\/users\/2"}],"replies":[{"embeddable":true,"href":"https:\/\/www.rochelt.com\/fr\/wp-json\/wp\/v2\/comments?post=1306"}],"version-history":[{"count":37,"href":"https:\/\/www.rochelt.com\/fr\/wp-json\/wp\/v2\/pages\/1306\/revisions"}],"predecessor-version":[{"id":2690,"href":"https:\/\/www.rochelt.com\/fr\/wp-json\/wp\/v2\/pages\/1306\/revisions\/2690"}],"wp:attachment":[{"href":"https:\/\/www.rochelt.com\/fr\/wp-json\/wp\/v2\/media?parent=1306"}],"curies":[{"name":"wp","href":"https:\/\/api.w.org\/{rel}","templated":true}]}}