{"id":849,"date":"2020-01-30T07:49:03","date_gmt":"2020-01-30T06:49:03","guid":{"rendered":"https:\/\/www.mediatirol.at\/rochelt\/impressum\/"},"modified":"2021-09-30T09:27:57","modified_gmt":"2021-09-30T07:27:57","slug":"mentions-legales","status":"publish","type":"page","link":"https:\/\/www.rochelt.com\/fr\/mentions-legales\/","title":{"rendered":"Contact"},"content":{"rendered":"<div id=\"modal-ready\">\n<h3 class=\"wp-block-heading\">DONN\u00c9ES DE L\u2019ENTREPRISE<\/h3>\n\n\n\n<p>Brennerei Rochelt GmbH<br>Innstra\u00dfe 2<br>6122 Fritzens<br>Austria<br>Tel: +43&nbsp;5224&nbsp;52&nbsp;4&nbsp;62<br>Fax: +43&nbsp;5224&nbsp;52&nbsp;4&nbsp;62&nbsp;20<br><a href=\"mailto:mail@rochelt.com\">mail@rochelt.com<\/a><br><a href=\"http:\/\/www.rochelt.com\/\">www.rochelt.com<\/a><\/p>\n\n\n\n<h3 class=\"wp-block-heading\">COORDONN\u00c9ES BANCAIRES<\/h3>\n\n\n\n<p> Banque : Bank Austria<br> Compte : Brennerei Rochelt GmbH<br>IBAN: AT57 1100 0038 9587 8100<br>BIC: BKAUATWW<\/p>\n\n\n\n<div class=\"wp-block-group alignfull\"><div class=\"wp-block-group__inner-container is-layout-flow wp-block-group-is-layout-flow\">\n<p> Repr\u00e9sent\u00e9e par l\u2019associ\u00e9 directeur<br> Mag.rer.soc.oec. Alexander Rainer<\/p>\n\n\n\n<p> Num\u00e9ro de registre du commerce FN&nbsp;186541A <br>Gerichtsstand: Landesgericht Innsbruck<\/p>\n\n\n\n<p>Comp\u00e9tence judiciaire: Tribunal d\u2019instance d\u2019Innsbruck (Landesgericht Innsbruck)<\/p>\n\n\n\n<p>Num\u00e9ro de taxe \u00e0 valeur ajout\u00e9e (UID n\u00b0): ATU&nbsp;48&nbsp;17&nbsp;69&nbsp;04<br>Num\u00e9ro EORI: ATEOS 100&nbsp;000&nbsp;7220<\/p>\n\n\n\n<p>Num\u00e9ros d\u2019accises<br>Entrep\u00f4t: ATV 00&nbsp;8026&nbsp;5100<br>Distillerie \u00ab&nbsp;sous scell\u00e9s&nbsp;\u00bb: ATV 00&nbsp;8026&nbsp;5208<br>Entrepositaire fiscal: ATV 10&nbsp;0046&nbsp;0002<\/p>\n\n\n\n<p>\u00a9 Brennerei Rochelt GmbH. Tous droits r\u00e9serv\u00e9s, en particulier le droit de reproduction et de diffusion. Aucune partie de ces sites web ne peut \u00eatre reproduite sous quelque forme que ce soit, sans autorisation \u00e9crite des auteurs, ou trait\u00e9e, dupliqu\u00e9e ou distribu\u00e9e \u00e0 l\u2019aide de syst\u00e8mes \u00e9lectroniques.<\/p>\n<\/div><\/div>\n<\/div>","protected":false},"excerpt":{"rendered":"<p>DONN\u00c9ES DE L\u2019ENTREPRISE Brennerei Rochelt GmbHInnstra\u00dfe 26122 FritzensAustriaTel: +43&nbsp;5224&nbsp;52&nbsp;4&nbsp;62Fax: +43&nbsp;5224&nbsp;52&nbsp;4&nbsp;62&nbsp;20mail@rochelt.comwww.rochelt.com COORDONN\u00c9ES BANCAIRES Banque : Bank Austria Compte : Brennerei Rochelt GmbHIBAN: AT57 1100 0038 9587 8100BIC: BKAUATWW Repr\u00e9sent\u00e9e par l\u2019associ\u00e9 directeur Mag.rer.soc.oec. Alexander Rainer Num\u00e9ro de registre du commerce FN&nbsp;186541A Gerichtsstand: Landesgericht Innsbruck Comp\u00e9tence judiciaire: Tribunal d\u2019instance d\u2019Innsbruck (Landesgericht Innsbruck) Num\u00e9ro de taxe \u00e0 valeur &hellip;<\/p>\n","protected":false},"author":2,"featured_media":0,"parent":0,"menu_order":0,"comment_status":"closed","ping_status":"closed","template":"","meta":{"_acf_changed":false,"footnotes":""},"class_list":["post-849","page","type-page","status-publish","hentry"],"acf":[],"yoast_head":"<!-- This site is optimized with the Yoast SEO plugin v26.5 - https:\/\/yoast.com\/wordpress\/plugins\/seo\/ -->\n<title>Contact - Rochelt<\/title>\n<meta name=\"robots\" content=\"index, follow, max-snippet:-1, max-image-preview:large, max-video-preview:-1\" \/>\n<link rel=\"canonical\" href=\"https:\/\/www.rochelt.com\/fr\/mentions-legales\/\" \/>\n<meta property=\"og:locale\" content=\"fr_FR\" \/>\n<meta property=\"og:type\" content=\"article\" \/>\n<meta property=\"og:title\" content=\"Contact - Rochelt\" \/>\n<meta property=\"og:description\" content=\"DONN\u00c9ES DE L\u2019ENTREPRISE Brennerei Rochelt GmbHInnstra\u00dfe 26122 FritzensAustriaTel: +43&nbsp;5224&nbsp;52&nbsp;4&nbsp;62Fax: +43&nbsp;5224&nbsp;52&nbsp;4&nbsp;62&nbsp;20mail@rochelt.comwww.rochelt.com COORDONN\u00c9ES BANCAIRES Banque : Bank Austria Compte : Brennerei Rochelt GmbHIBAN: AT57 1100 0038 9587 8100BIC: BKAUATWW Repr\u00e9sent\u00e9e par l\u2019associ\u00e9 directeur Mag.rer.soc.oec. Alexander Rainer Num\u00e9ro de registre du commerce FN&nbsp;186541A Gerichtsstand: Landesgericht Innsbruck Comp\u00e9tence judiciaire: Tribunal d\u2019instance d\u2019Innsbruck (Landesgericht Innsbruck) Num\u00e9ro de taxe \u00e0 valeur &hellip;\" \/>\n<meta property=\"og:url\" content=\"https:\/\/www.rochelt.com\/fr\/mentions-legales\/\" \/>\n<meta property=\"og:site_name\" content=\"Rochelt\" \/>\n<meta property=\"article:modified_time\" content=\"2021-09-30T07:27:57+00:00\" \/>\n<meta name=\"twitter:card\" content=\"summary_large_image\" \/>\n<meta name=\"twitter:label1\" content=\"Dur\u00e9e de lecture estim\u00e9e\" \/>\n\t<meta name=\"twitter:data1\" content=\"1 minute\" \/>\n<script type=\"application\/ld+json\" class=\"yoast-schema-graph\">{\"@context\":\"https:\/\/schema.org\",\"@graph\":[{\"@type\":\"WebPage\",\"@id\":\"https:\/\/www.rochelt.com\/fr\/mentions-legales\/\",\"url\":\"https:\/\/www.rochelt.com\/fr\/mentions-legales\/\",\"name\":\"Contact - Rochelt\",\"isPartOf\":{\"@id\":\"https:\/\/www.rochelt.com\/#website\"},\"datePublished\":\"2020-01-30T06:49:03+00:00\",\"dateModified\":\"2021-09-30T07:27:57+00:00\",\"breadcrumb\":{\"@id\":\"https:\/\/www.rochelt.com\/fr\/mentions-legales\/#breadcrumb\"},\"inLanguage\":\"fr-FR\",\"potentialAction\":[{\"@type\":\"ReadAction\",\"target\":[\"https:\/\/www.rochelt.com\/fr\/mentions-legales\/\"]}]},{\"@type\":\"BreadcrumbList\",\"@id\":\"https:\/\/www.rochelt.com\/fr\/mentions-legales\/#breadcrumb\",\"itemListElement\":[{\"@type\":\"ListItem\",\"position\":1,\"name\":\"Startseite\",\"item\":\"https:\/\/www.rochelt.com\/fr\/\"},{\"@type\":\"ListItem\",\"position\":2,\"name\":\"Contact\"}]},{\"@type\":\"WebSite\",\"@id\":\"https:\/\/www.rochelt.com\/#website\",\"url\":\"https:\/\/www.rochelt.com\/\",\"name\":\"Rochelt\",\"description\":\"Tiroler Schnapsbrennerei\",\"publisher\":{\"@id\":\"https:\/\/www.rochelt.com\/#organization\"},\"potentialAction\":[{\"@type\":\"SearchAction\",\"target\":{\"@type\":\"EntryPoint\",\"urlTemplate\":\"https:\/\/www.rochelt.com\/?s={search_term_string}\"},\"query-input\":{\"@type\":\"PropertyValueSpecification\",\"valueRequired\":true,\"valueName\":\"search_term_string\"}}],\"inLanguage\":\"fr-FR\"},{\"@type\":\"Organization\",\"@id\":\"https:\/\/www.rochelt.com\/#organization\",\"name\":\"Rochelt\",\"url\":\"https:\/\/www.rochelt.com\/\",\"logo\":{\"@type\":\"ImageObject\",\"inLanguage\":\"fr-FR\",\"@id\":\"https:\/\/www.rochelt.com\/#\/schema\/logo\/image\/\",\"url\":\"https:\/\/www.rochelt.com\/wp-content\/uploads\/2020\/01\/rochelt-logo-schriftzug-weiss.png\",\"contentUrl\":\"https:\/\/www.rochelt.com\/wp-content\/uploads\/2020\/01\/rochelt-logo-schriftzug-weiss.png\",\"width\":830,\"height\":133,\"caption\":\"Rochelt\"},\"image\":{\"@id\":\"https:\/\/www.rochelt.com\/#\/schema\/logo\/image\/\"}}]}<\/script>\n<!-- \/ Yoast SEO plugin. -->","yoast_head_json":{"title":"Contact - Rochelt","robots":{"index":"index","follow":"follow","max-snippet":"max-snippet:-1","max-image-preview":"max-image-preview:large","max-video-preview":"max-video-preview:-1"},"canonical":"https:\/\/www.rochelt.com\/fr\/mentions-legales\/","og_locale":"fr_FR","og_type":"article","og_title":"Contact - Rochelt","og_description":"DONN\u00c9ES DE L\u2019ENTREPRISE Brennerei Rochelt GmbHInnstra\u00dfe 26122 FritzensAustriaTel: +43&nbsp;5224&nbsp;52&nbsp;4&nbsp;62Fax: +43&nbsp;5224&nbsp;52&nbsp;4&nbsp;62&nbsp;20mail@rochelt.comwww.rochelt.com COORDONN\u00c9ES BANCAIRES Banque : Bank Austria Compte : Brennerei Rochelt GmbHIBAN: AT57 1100 0038 9587 8100BIC: BKAUATWW Repr\u00e9sent\u00e9e par l\u2019associ\u00e9 directeur Mag.rer.soc.oec. Alexander Rainer Num\u00e9ro de registre du commerce FN&nbsp;186541A Gerichtsstand: Landesgericht Innsbruck Comp\u00e9tence judiciaire: Tribunal d\u2019instance d\u2019Innsbruck (Landesgericht Innsbruck) Num\u00e9ro de taxe \u00e0 valeur &hellip;","og_url":"https:\/\/www.rochelt.com\/fr\/mentions-legales\/","og_site_name":"Rochelt","article_modified_time":"2021-09-30T07:27:57+00:00","twitter_card":"summary_large_image","twitter_misc":{"Dur\u00e9e de lecture estim\u00e9e":"1 minute"},"schema":{"@context":"https:\/\/schema.org","@graph":[{"@type":"WebPage","@id":"https:\/\/www.rochelt.com\/fr\/mentions-legales\/","url":"https:\/\/www.rochelt.com\/fr\/mentions-legales\/","name":"Contact - Rochelt","isPartOf":{"@id":"https:\/\/www.rochelt.com\/#website"},"datePublished":"2020-01-30T06:49:03+00:00","dateModified":"2021-09-30T07:27:57+00:00","breadcrumb":{"@id":"https:\/\/www.rochelt.com\/fr\/mentions-legales\/#breadcrumb"},"inLanguage":"fr-FR","potentialAction":[{"@type":"ReadAction","target":["https:\/\/www.rochelt.com\/fr\/mentions-legales\/"]}]},{"@type":"BreadcrumbList","@id":"https:\/\/www.rochelt.com\/fr\/mentions-legales\/#breadcrumb","itemListElement":[{"@type":"ListItem","position":1,"name":"Startseite","item":"https:\/\/www.rochelt.com\/fr\/"},{"@type":"ListItem","position":2,"name":"Contact"}]},{"@type":"WebSite","@id":"https:\/\/www.rochelt.com\/#website","url":"https:\/\/www.rochelt.com\/","name":"Rochelt","description":"Tiroler Schnapsbrennerei","publisher":{"@id":"https:\/\/www.rochelt.com\/#organization"},"potentialAction":[{"@type":"SearchAction","target":{"@type":"EntryPoint","urlTemplate":"https:\/\/www.rochelt.com\/?s={search_term_string}"},"query-input":{"@type":"PropertyValueSpecification","valueRequired":true,"valueName":"search_term_string"}}],"inLanguage":"fr-FR"},{"@type":"Organization","@id":"https:\/\/www.rochelt.com\/#organization","name":"Rochelt","url":"https:\/\/www.rochelt.com\/","logo":{"@type":"ImageObject","inLanguage":"fr-FR","@id":"https:\/\/www.rochelt.com\/#\/schema\/logo\/image\/","url":"https:\/\/www.rochelt.com\/wp-content\/uploads\/2020\/01\/rochelt-logo-schriftzug-weiss.png","contentUrl":"https:\/\/www.rochelt.com\/wp-content\/uploads\/2020\/01\/rochelt-logo-schriftzug-weiss.png","width":830,"height":133,"caption":"Rochelt"},"image":{"@id":"https:\/\/www.rochelt.com\/#\/schema\/logo\/image\/"}}]}},"_links":{"self":[{"href":"https:\/\/www.rochelt.com\/fr\/wp-json\/wp\/v2\/pages\/849","targetHints":{"allow":["GET"]}}],"collection":[{"href":"https:\/\/www.rochelt.com\/fr\/wp-json\/wp\/v2\/pages"}],"about":[{"href":"https:\/\/www.rochelt.com\/fr\/wp-json\/wp\/v2\/types\/page"}],"author":[{"embeddable":true,"href":"https:\/\/www.rochelt.com\/fr\/wp-json\/wp\/v2\/users\/2"}],"replies":[{"embeddable":true,"href":"https:\/\/www.rochelt.com\/fr\/wp-json\/wp\/v2\/comments?post=849"}],"version-history":[{"count":7,"href":"https:\/\/www.rochelt.com\/fr\/wp-json\/wp\/v2\/pages\/849\/revisions"}],"predecessor-version":[{"id":2879,"href":"https:\/\/www.rochelt.com\/fr\/wp-json\/wp\/v2\/pages\/849\/revisions\/2879"}],"wp:attachment":[{"href":"https:\/\/www.rochelt.com\/fr\/wp-json\/wp\/v2\/media?parent=849"}],"curies":[{"name":"wp","href":"https:\/\/api.w.org\/{rel}","templated":true}]}}